{"id":85,"date":"2025-10-14T21:57:04","date_gmt":"2025-10-14T19:57:04","guid":{"rendered":"https:\/\/autori.casaeditricepagine.net\/giorgia-cavallari\/?page_id=85"},"modified":"2026-04-22T13:00:31","modified_gmt":"2026-04-22T11:00:31","slug":"opere","status":"publish","type":"page","link":"https:\/\/autori.casaeditricepagine.net\/giorgia-cavallari\/opere\/","title":{"rendered":"Percezioni"},"content":{"rendered":"\n<pre class=\"wp-block-verse has-text-align-center\"><strong>UN FIORE<\/strong><br><br>Mentre parli mi perdo a guardarti e sprofondo nell'abbandono dei miei sensi\u00a0<br>Ma chi sei...<br>Per essere arrivato cos\u00ec...\u00a0<br>per essere sprofondato nell'anima in una frazione di secondo<br>Piano piano hai toccato corde che nemmeno conoscevo\u00a0<br>Sensazioni che non credevo possibili\u00a0<br>Emozioni che vorresti avere con te per sempre\u00a0<br>Ma chi sei\u00a0<br>Con quel tuo super potere di farmi perdere nei tuoi occhi\u00a0<br>Quando i nostri sguardi si incrociano, il sole arrossisce,<br>tanta e' la sua energia\u00a0<br>Poi sparisci, ti adombri nelle tue solitudini.. per scappare da me, da te, da noi..\u00a0<br>prima ancora che ci conoscessimo veramente,<br>Mi scrivesti:-<br>Oggi ho letto un velo di tristezza nei tuoi occhi, se hai bisogno io ci sono...<br>...da quell'istante i battiti del mio cuore non sono stati pi\u00f9 gli stessi...<br>mi chiedevo come fosse possibile sentirsi invasi di un amore per qualcuno che neanche conoscessi veramente<br>E non ho pi\u00f9 potuto resistere,\u00a0<br>Ho osato, ti ho cercato e tu mi hai accolto,\u00a0<br>Scappiamo\u00a0per nasconderci da un amore che ci abbaglia,\u00a0<br>Per ricaderci poco dopo perch\u00e9 non possiamo pi\u00f9 farne a meno...<br>le impronte che entrambi abbiamo lasciato nelle rispettive anime sono indelebili\u00a0<br>E lo sappiamo,\u00a0<br>si lo sappiamo,\u00a0<br>non ci fermeremo mai..<br>Davanti a questa luna mi inchino silenziosa nella pi\u00f9 vera promessa che al cuore non si pu\u00f2 mentire<br>Per quanto uno ci provi si sar\u00e0 sempre in svantaggio\u00a0<br>Mi lascer\u00f2 andare ad un amore che strazia l'anima che illumina le mie\u00a0giornate<br>Sar\u00f2 vera come sempre in questa vita<br>Ti stringer\u00f2 la mano e tu mi porterai l\u00e0 in quell'inverno dove solo un fiore pu\u00f2 nascere per il nostro amore,\u00a0<br>Cammineremo a piedi nudi, su di un manto di neve candida,\u00a0<br>Abbracciati per sentire meno freddo,\u00a0<br>riscaldati da una passione che devasta e da un 'amore che acceca\u00a0<br>E forse solo allora nudi ma vestiti di un amore grande solcheremo un viale di primavere fiorite<br>Per raccogliere un fiore,<br>Quel fiore\u00a0che parler\u00e0 solo di me e te...<\/pre>\n\n\n\n<hr class=\"wp-block-separator has-alpha-channel-opacity\"\/>\n\n\n\n<pre class=\"wp-block-verse has-text-align-center\"><strong>TU<\/strong><br><br>Perch\u00e9 tu!!!\u00a0<br>Ho un maledetto tarlo nella mente.<br>quella tremenda voglia ti Te sempre perch\u00e9? \u00a0<br>Perch\u00e9 sai stravolgere le mie certezze al contempo sedare le mie paure<br>Perch\u00e9 quel verde e quella stanza mi fanno impazzire\u00a0<br>Perch\u00e9 sento Il tuo odore addosso per ore.<br>Ecco\u00a0cosa sei tu per me, quel mix di chimica ed alchimia,\u00a0<br>La chimica dell'attrazione della voglia di scoprirsi, unito all'alchimia che \u00e8 invece <br>magia\u00a0pura\u00a0percepisco ci\u00f2 che senti in ogni mio dove.\u00a0<br>\u00c8 una musica che non tutti\u00a0<br>riescono ad ascoltare, ma che io sento solo per te..\u00a0<br>Sento il tuo profumo anche se sei lontano.\u00a0<br>Sento i tuoi silenzi, infilarsi tra i pensieri\u00a0<br>Laddove nessun altro pu\u00f2 arrivare.\u00a0<br>Tu sei\u00a0chimica ed alchimia e\u00a0mi accorgo di averla trovata\u00a0perch\u00e9 tutto il resto del mondo in confronto a te sa di niente!<br>E cos\u00ec rimango beatamente incastrata in quella musica che solo tu mi fai sentire!<br>Se devo esserci ci sar\u00f2 per la chimica che ci unisce per l'alchimia che ci stravolge ma per dividere il peso che trasporti, <br>se il destino ci ha messo sulle rispettive strade \u00e8 per percorrere un viaggio insieme, <br>un viaggio che sia nella sua stravolgente meraviglia utile a lasciarmi\u00a0entrare\u00a0in quel tuo labirinto sono certa che non trover\u00f2 il Minotauro\u00a0ma una matassa da sbrogliare, <br>scioglier\u00f2 pian\u00a0piano i tuoi nodi e poi quel filo rosso mi riporter\u00e0 dove devo stare, <br>Destino o Destinazione non ci \u00e8 dato sapere, il mio unico scopo\u00a0e' alleggerire, curare portare quella luce di cui il tuo animo ha bisogno... <br>vorrei regalarti solo:- Luce, bellezza e grazia, perch\u00e9 \u00e8 ci\u00f2 che so fare meglio in questa vita, ma non so se Tu me lo permetterai,<br>sono in bilico ho un ostacolo nel cuore che non so come aggirare, <br>resto sospesa nell'incertezza che non vuoi lasciarmi entrare e se cos\u00ec fosse volo via con la stessa leggerezza con cui in punta di piedi sono arrivata, <br>in quel pomeriggio di Novembre dove ci siamo riconosciuti, <br>dove le nostre anime senza nemmeno sfiorarsi si sono ritrovate..\u00a0<br>se ci sar\u00e0 un tempo non lo so... prenditi cura di te.. mi raccomando... prenditi cura della tua anima perch\u00e9 credimi \u00e8 di una BELLEZZA ECCEZIONALE...<\/pre>\n\n\n\n<hr class=\"wp-block-separator has-alpha-channel-opacity\"\/>\n\n\n\n<pre class=\"wp-block-verse has-text-align-center\"><strong>LA TANA DEL LUPO<\/strong><br><br>Nessuno si presenta nella tua vita per caso.\u00a0<br>Quello scambio di sguardi non \u00e8 stato \"per caso\"<br>Quella chimica inspiegabile doveva accadere.\u00a0<br>\u201cPotevo non innamorarmi, poteva andare diversamente, <br>e se non ti avessi mai incontrato...<br>Come avrei potuto stare senza questo ardore..\u00a0<br>La verit\u00e0 \u00e8 che NO, non potevo<br>Questa\u00a0storia doveva accadere.<br>La lezione si pu\u00f2 imparare solo vivendosi, solo perdendosi nei tuoi occhi sui miei,<br>nelle tue mani sopra di me, nella mia bocca sulla tua\u00a0<br>Tra miliardi di persone al mondo, proprio tu mi hai fatto sorridere in quel modo speciale.\u00a0<br>Hai risvegliato un mondo di sensazioni, esperienze e brividi incredibili.<br>Quando la tua vita \u00e8 toccata intensamente da un'altra vita, <br>il suo corso in qualche modo muta per sempre.\u00a0<br>La rotta si inverte e piano piano cambi pelle non sei pi\u00f9 la stessa,\u00a0<br>Il tuo destino muta, i piani e le idee cambiano.\u00a0<br>In ogni incontro rinasciamo per poi morire un po'\u00a0<br>Non si pu\u00f2 cancellare ogni volta che siamo stati colpiti.\u00a0<br>Ora Sappiamo esattamente chi \u00e8 cosa vogliamo incontrare.<br>Ci innamoriamo esattamente di chi dovremmo innamorarci.\u00a0<br>Abbiamo deviato la strada s\u00ec, ma \u00e8 per arrivare dove dovevamo andare...\u00a0<br>Insieme siamo ci\u00f2 che siamo veramente,<br>Indipendentemente dalle cicatrici e dai segni, <br>tutto \u00e8 accaduto esattamente come doveva andare.\u00a0<br>Ed in questo\u00a0infinito silenzio mentre mi perdo nel tuo abbraccio,<br>prima di lasciarti\u00a0andare un'altra volta,\u00a0<br>mi rendo conto che il resto non sa pi\u00f9 di nulla senza te,\u00a0<br>perch\u00e9 il mio mondo profuma solo di te,<br>respira solo per te,\u00a0<br>\u00e8 cos\u00ec valichiamo un'altra volta quella porta, la nostra,<br>quel corridoio il tuo, quell'ascensore che tra pochi istanti nel suo fermarsi ci separer\u00e0 un'altra volta, usciremo gireremo di tre quarti le nostre nuche per salutarci come sempre,<br>come 2 amici sul palcoscenico della vita ed in quel distacco, perderemo un pezzo di noi ogni volta, <br>in quello sguardo languido che ci rester\u00e0 inciso laggi\u00f9 come un abisso in fondo all'anima.<\/pre>\n\n\n\n<p><\/p>\n","protected":false},"excerpt":{"rendered":"<p>UN FIOREMentre parli mi perdo a guardarti e sprofondo nell&#8217;abbandono dei miei sensi\u00a0Ma chi sei&#8230;Per essere arrivato cos\u00ec&#8230;\u00a0per essere sprofondato nell&#8217;anima in una frazione di secondoPiano piano hai toccato corde che nemmeno conoscevo\u00a0Sensazioni che non credevo possibili\u00a0Emozioni che vorresti avere con te per sempre\u00a0Ma chi sei\u00a0Con quel tuo super potere di farmi perdere nei tuoi&#8230;<\/p>\n","protected":false},"author":1,"featured_media":0,"parent":0,"menu_order":0,"comment_status":"closed","ping_status":"closed","template":"","meta":{"footnotes":""},"class_list":["post-85","page","type-page","status-publish","hentry"],"_links":{"self":[{"href":"https:\/\/autori.casaeditricepagine.net\/giorgia-cavallari\/wp-json\/wp\/v2\/pages\/85","targetHints":{"allow":["GET"]}}],"collection":[{"href":"https:\/\/autori.casaeditricepagine.net\/giorgia-cavallari\/wp-json\/wp\/v2\/pages"}],"about":[{"href":"https:\/\/autori.casaeditricepagine.net\/giorgia-cavallari\/wp-json\/wp\/v2\/types\/page"}],"author":[{"embeddable":true,"href":"https:\/\/autori.casaeditricepagine.net\/giorgia-cavallari\/wp-json\/wp\/v2\/users\/1"}],"replies":[{"embeddable":true,"href":"https:\/\/autori.casaeditricepagine.net\/giorgia-cavallari\/wp-json\/wp\/v2\/comments?post=85"}],"version-history":[{"count":3,"href":"https:\/\/autori.casaeditricepagine.net\/giorgia-cavallari\/wp-json\/wp\/v2\/pages\/85\/revisions"}],"predecessor-version":[{"id":222,"href":"https:\/\/autori.casaeditricepagine.net\/giorgia-cavallari\/wp-json\/wp\/v2\/pages\/85\/revisions\/222"}],"wp:attachment":[{"href":"https:\/\/autori.casaeditricepagine.net\/giorgia-cavallari\/wp-json\/wp\/v2\/media?parent=85"}],"curies":[{"name":"wp","href":"https:\/\/api.w.org\/{rel}","templated":true}]}}