{"id":226,"date":"2026-04-28T12:20:31","date_gmt":"2026-04-28T10:20:31","guid":{"rendered":"https:\/\/autori.casaeditricepagine.net\/roberto-sasso\/?page_id=226"},"modified":"2026-04-28T12:20:31","modified_gmt":"2026-04-28T10:20:31","slug":"percezioni","status":"publish","type":"page","link":"https:\/\/autori.casaeditricepagine.net\/roberto-sasso\/percezioni\/","title":{"rendered":"Percezioni"},"content":{"rendered":"\n<pre class=\"wp-block-verse has-text-align-center\"><strong>ARCOBALENO<\/strong><br><em>Gennaio 2026<\/em><br><br>Remote lucenti stelle, in solenni astrali percorsi, vivono di silenti notti.<br>Eludono distratti umani sguardi come fate che segreti han da celar.<br>Intrecciate galassie s\u2019aprono a sfocati nascenti astri.<br>Inerpicare d\u2019ambiziose nubi in su le pungenti vette a lambir l\u2019immenso.<br>Smemorata immobile luna di umane notti, va rifacendo il trucco in quieto specchio di mare.<br>Lento magico incedere d\u2019ingenua alba sfocher\u00e0 la magica notte.<br>Sciami d\u2019intorpiditi sogni s\u2019arrendono a notturni tepori come nuovi giorni ai primi bagliori. <br>Sogni che han spento pianti nel solitario notturno vuoto.<br>E di quei pianti, pioggia su seminati campi a primavera cadr\u00e0.<br>Pioggia colorer\u00e0 nascituri fiori in controluce.<br>Fiori come regali, fiori a ridestar ricordi.<br>Magia nascer\u00e0 da quei fiori per nuovo arcobaleno, immenso ponte di Dio, tra cielo e terra.<br>E lievi scivolando sui colori, innamorati Angeli qui torneranno ad asciugar lacrime e rinnovar sorrisi.<br>Angeli e uomini, d\u2019eterno amor vivranno.<\/pre>\n\n\n\n<hr class=\"wp-block-separator has-alpha-channel-opacity\"\/>\n\n\n\n<pre class=\"wp-block-verse has-text-align-center\"><strong>ANGELO DEL MARE<\/strong><br><em>Gennaio 2026<\/em><br><br>Improvviso sospiro tra le ali e poi librarsi oltre impervi colli e scoscesi dirupi avvolto dal profumo del mare.<br><br>Inno lontano si erge oltre il mare per giungere su infranti scogli d'onde irrequiete e spumeggianti, messaggere di antichi e proibiti ricordi.<br>Eco di luna rimbalza tra nascituri flutti oltre i fal\u00f2 di chitarre perse nel vento denso d'abbracci e sguardi riflessi nei giovani sorrisi che mai il tempo rimuover\u00e0. <br><br>Pensieri sospesi e tintinnanti come carillon si dondolano tra desideri e sogni in un altalena di bellezza e magia.<br><br>Profumi di accese vanit\u00e0 agitano capelli nel vento in un tenace torpore alla notte inarrendevole.<br><br>Un istante di colore come bagliore e sabbia lieve come neve muove dal mare.<br><br>D\u2019etereo pallore la luna colora ali di donna d\u2019un tempo, ora angelo per amore.<br><br>Vita mai felice in un remoto dimenticato ma da quelle cicatrici terrene, ali Lei ebbe in dono.<br><br>E di questo miracolo benedetto da luna e stelle, ora \u00e8 soldato di Dio e di felicit\u00e0 \u00e8 rinata per dipingere nuovi destini come premio per chi pregando, di lacrime bagna quella stessa sabbia a lei un tempo tristemente nota. <\/pre>\n\n\n\n<hr class=\"wp-block-separator has-alpha-channel-opacity\"\/>\n\n\n\n<pre class=\"wp-block-verse has-text-align-center\"><strong>DOLCE SORRISO<br><\/strong><em>Gennaio 2026<\/em><br><br>Vento che fronda non mosse, tutto intorno a sua fragile figura, lucente bagliore venne in natura.<br><br>Sacro silenzio per cotanta bellezza accese la magia nel suo tremante sguardo, come al cuore una carezza.<br><br>Accorato respiro in sconfinato stupore nell\u2019anima accolto con immenso candore.<br><br>Etereo abbraccio tra cielo e terra nel suo vivido sorriso dolcemente perduta, ella ne colse il viso. <br><br>Celeste armonia di Madre Santa irruppe nell\u2019ardente piccolo cuore con rinnovato intenso amore.   <br><br>E santa divenne, mite Bernadette, fervida luce a fede s\u00ec immensa e il suo destino cambi\u00f2 perenne.<br><br>Ora stella del firmamento ella ci parla, come fece in quel tempo il vento, n\u00e9 scuoter fronda ma agitando d\u2019estasi il cuore come tempestoso mare, eterna onda ne muove il sentimento.<\/pre>\n","protected":false},"excerpt":{"rendered":"<p>ARCOBALENOGennaio 2026Remote lucenti stelle, in solenni astrali percorsi, vivono di silenti notti.Eludono distratti umani sguardi come fate che segreti han da celar.Intrecciate galassie s\u2019aprono a sfocati nascenti astri.Inerpicare d\u2019ambiziose nubi in su le pungenti vette a lambir l\u2019immenso.Smemorata immobile luna di umane notti, va rifacendo il trucco in quieto specchio di mare.Lento magico incedere d\u2019ingenua&#8230;<\/p>\n","protected":false},"author":3,"featured_media":0,"parent":0,"menu_order":0,"comment_status":"closed","ping_status":"closed","template":"","meta":{"footnotes":""},"class_list":["post-226","page","type-page","status-publish","hentry"],"_links":{"self":[{"href":"https:\/\/autori.casaeditricepagine.net\/roberto-sasso\/wp-json\/wp\/v2\/pages\/226","targetHints":{"allow":["GET"]}}],"collection":[{"href":"https:\/\/autori.casaeditricepagine.net\/roberto-sasso\/wp-json\/wp\/v2\/pages"}],"about":[{"href":"https:\/\/autori.casaeditricepagine.net\/roberto-sasso\/wp-json\/wp\/v2\/types\/page"}],"author":[{"embeddable":true,"href":"https:\/\/autori.casaeditricepagine.net\/roberto-sasso\/wp-json\/wp\/v2\/users\/3"}],"replies":[{"embeddable":true,"href":"https:\/\/autori.casaeditricepagine.net\/roberto-sasso\/wp-json\/wp\/v2\/comments?post=226"}],"version-history":[{"count":1,"href":"https:\/\/autori.casaeditricepagine.net\/roberto-sasso\/wp-json\/wp\/v2\/pages\/226\/revisions"}],"predecessor-version":[{"id":228,"href":"https:\/\/autori.casaeditricepagine.net\/roberto-sasso\/wp-json\/wp\/v2\/pages\/226\/revisions\/228"}],"wp:attachment":[{"href":"https:\/\/autori.casaeditricepagine.net\/roberto-sasso\/wp-json\/wp\/v2\/media?parent=226"}],"curies":[{"name":"wp","href":"https:\/\/api.w.org\/{rel}","templated":true}]}}